{"id":1355,"date":"2022-03-29T17:47:31","date_gmt":"2022-03-29T17:47:31","guid":{"rendered":"https:\/\/rpic.wpengine.com\/?page_id=1355"},"modified":"2022-09-15T19:10:21","modified_gmt":"2022-09-15T19:10:21","slug":"histoire-de-notre-marque","status":"publish","type":"page","link":"https:\/\/rpic-ibic.ca\/fr\/histoire-de-notre-marque\/","title":{"rendered":"Histoire de notre marque"},"content":{"rendered":"","protected":false},"excerpt":{"rendered":"","protected":false},"author":1,"featured_media":0,"parent":0,"menu_order":0,"comment_status":"closed","ping_status":"closed","template":"templates\/page-pattern-library.php","meta":{"_acf_changed":false,"footnotes":""},"class_list":["post-1355","page","type-page","status-publish","hentry"],"acf":[],"yoast_head":"<!-- This site is optimized with the Yoast SEO plugin v26.3 - https:\/\/yoast.com\/wordpress\/plugins\/seo\/ -->\n<title>Histoire de la marque, Services professionnels | l\u2019IBIC<\/title>\n<meta name=\"description\" content=\"\u00c0 l\u2019IBIC, nous nous effor\u00e7ons de cr\u00e9er un espace o\u00f9 la communaut\u00e9, la collaboration et l\u2019inclusion sont au premier plan de tout ce que nous faisons.\" \/>\n<meta name=\"robots\" content=\"index, follow, max-snippet:-1, max-image-preview:large, max-video-preview:-1\" \/>\n<link rel=\"canonical\" href=\"https:\/\/rpic-ibic.ca\/fr\/histoire-de-notre-marque\/\" \/>\n<meta property=\"og:locale\" content=\"fr_FR\" \/>\n<meta property=\"og:type\" content=\"article\" \/>\n<meta property=\"og:title\" content=\"Histoire de la marque, Services professionnels | l\u2019IBIC\" \/>\n<meta property=\"og:description\" content=\"\u00c0 l\u2019IBIC, nous nous effor\u00e7ons de cr\u00e9er un espace o\u00f9 la communaut\u00e9, la collaboration et l\u2019inclusion sont au premier plan de tout ce que nous faisons.\" \/>\n<meta property=\"og:url\" content=\"https:\/\/rpic-ibic.ca\/fr\/histoire-de-notre-marque\/\" \/>\n<meta property=\"og:site_name\" content=\"RPIC-IBIC\" \/>\n<meta property=\"article:publisher\" content=\"https:\/\/www.facebook.com\/RPICIBIC\" \/>\n<meta property=\"article:modified_time\" content=\"2022-09-15T19:10:21+00:00\" \/>\n<meta name=\"twitter:card\" content=\"summary_large_image\" \/>\n<meta name=\"twitter:site\" content=\"@RPIC_IBIC\" \/>\n<script type=\"application\/ld+json\" class=\"yoast-schema-graph\">{\"@context\":\"https:\/\/schema.org\",\"@graph\":[{\"@type\":\"WebPage\",\"@id\":\"https:\/\/rpic-ibic.ca\/fr\/histoire-de-notre-marque\/\",\"url\":\"https:\/\/rpic-ibic.ca\/fr\/histoire-de-notre-marque\/\",\"name\":\"Histoire de la marque, Services professionnels | l\u2019IBIC\",\"isPartOf\":{\"@id\":\"https:\/\/rpic-ibic.ca\/#website\"},\"datePublished\":\"2022-03-29T17:47:31+00:00\",\"dateModified\":\"2022-09-15T19:10:21+00:00\",\"description\":\"\u00c0 l\u2019IBIC, nous nous effor\u00e7ons de cr\u00e9er un espace o\u00f9 la communaut\u00e9, la collaboration et l\u2019inclusion sont au premier plan de tout ce que nous faisons.\",\"breadcrumb\":{\"@id\":\"https:\/\/rpic-ibic.ca\/fr\/histoire-de-notre-marque\/#breadcrumb\"},\"inLanguage\":\"fr-FR\",\"potentialAction\":[{\"@type\":\"ReadAction\",\"target\":[\"https:\/\/rpic-ibic.ca\/fr\/histoire-de-notre-marque\/\"]}]},{\"@type\":\"BreadcrumbList\",\"@id\":\"https:\/\/rpic-ibic.ca\/fr\/histoire-de-notre-marque\/#breadcrumb\",\"itemListElement\":[{\"@type\":\"ListItem\",\"position\":1,\"name\":\"Home\",\"item\":\"https:\/\/rpic-ibic.ca\/fr\/\"},{\"@type\":\"ListItem\",\"position\":2,\"name\":\"Histoire de notre marque\"}]},{\"@type\":\"WebSite\",\"@id\":\"https:\/\/rpic-ibic.ca\/#website\",\"url\":\"https:\/\/rpic-ibic.ca\/\",\"name\":\"RPIC-IBIC\",\"description\":\"Real Property Institute of Canada\",\"publisher\":{\"@id\":\"https:\/\/rpic-ibic.ca\/#organization\"},\"potentialAction\":[{\"@type\":\"SearchAction\",\"target\":{\"@type\":\"EntryPoint\",\"urlTemplate\":\"https:\/\/rpic-ibic.ca\/?s={search_term_string}\"},\"query-input\":{\"@type\":\"PropertyValueSpecification\",\"valueRequired\":true,\"valueName\":\"search_term_string\"}}],\"inLanguage\":\"fr-FR\"},{\"@type\":\"Organization\",\"@id\":\"https:\/\/rpic-ibic.ca\/#organization\",\"name\":\"RPIC-IBIC\",\"url\":\"https:\/\/rpic-ibic.ca\/\",\"logo\":{\"@type\":\"ImageObject\",\"inLanguage\":\"fr-FR\",\"@id\":\"https:\/\/rpic-ibic.ca\/#\/schema\/logo\/image\/\",\"url\":\"https:\/\/rpic-ibic.ca\/wp-content\/uploads\/2022\/05\/logo-1.png\",\"contentUrl\":\"https:\/\/rpic-ibic.ca\/wp-content\/uploads\/2022\/05\/logo-1.png\",\"width\":217,\"height\":92,\"caption\":\"RPIC-IBIC\"},\"image\":{\"@id\":\"https:\/\/rpic-ibic.ca\/#\/schema\/logo\/image\/\"},\"sameAs\":[\"https:\/\/www.facebook.com\/RPICIBIC\",\"https:\/\/x.com\/RPIC_IBIC\",\"https:\/\/www.linkedin.com\/company\/8937549\/\"]}]}<\/script>\n<!-- \/ Yoast SEO plugin. -->","yoast_head_json":{"title":"Histoire de la marque, Services professionnels | l\u2019IBIC","description":"\u00c0 l\u2019IBIC, nous nous effor\u00e7ons de cr\u00e9er un espace o\u00f9 la communaut\u00e9, la collaboration et l\u2019inclusion sont au premier plan de tout ce que nous faisons.","robots":{"index":"index","follow":"follow","max-snippet":"max-snippet:-1","max-image-preview":"max-image-preview:large","max-video-preview":"max-video-preview:-1"},"canonical":"https:\/\/rpic-ibic.ca\/fr\/histoire-de-notre-marque\/","og_locale":"fr_FR","og_type":"article","og_title":"Histoire de la marque, Services professionnels | l\u2019IBIC","og_description":"\u00c0 l\u2019IBIC, nous nous effor\u00e7ons de cr\u00e9er un espace o\u00f9 la communaut\u00e9, la collaboration et l\u2019inclusion sont au premier plan de tout ce que nous faisons.","og_url":"https:\/\/rpic-ibic.ca\/fr\/histoire-de-notre-marque\/","og_site_name":"RPIC-IBIC","article_publisher":"https:\/\/www.facebook.com\/RPICIBIC","article_modified_time":"2022-09-15T19:10:21+00:00","twitter_card":"summary_large_image","twitter_site":"@RPIC_IBIC","schema":{"@context":"https:\/\/schema.org","@graph":[{"@type":"WebPage","@id":"https:\/\/rpic-ibic.ca\/fr\/histoire-de-notre-marque\/","url":"https:\/\/rpic-ibic.ca\/fr\/histoire-de-notre-marque\/","name":"Histoire de la marque, Services professionnels | l\u2019IBIC","isPartOf":{"@id":"https:\/\/rpic-ibic.ca\/#website"},"datePublished":"2022-03-29T17:47:31+00:00","dateModified":"2022-09-15T19:10:21+00:00","description":"\u00c0 l\u2019IBIC, nous nous effor\u00e7ons de cr\u00e9er un espace o\u00f9 la communaut\u00e9, la collaboration et l\u2019inclusion sont au premier plan de tout ce que nous faisons.","breadcrumb":{"@id":"https:\/\/rpic-ibic.ca\/fr\/histoire-de-notre-marque\/#breadcrumb"},"inLanguage":"fr-FR","potentialAction":[{"@type":"ReadAction","target":["https:\/\/rpic-ibic.ca\/fr\/histoire-de-notre-marque\/"]}]},{"@type":"BreadcrumbList","@id":"https:\/\/rpic-ibic.ca\/fr\/histoire-de-notre-marque\/#breadcrumb","itemListElement":[{"@type":"ListItem","position":1,"name":"Home","item":"https:\/\/rpic-ibic.ca\/fr\/"},{"@type":"ListItem","position":2,"name":"Histoire de notre marque"}]},{"@type":"WebSite","@id":"https:\/\/rpic-ibic.ca\/#website","url":"https:\/\/rpic-ibic.ca\/","name":"RPIC-IBIC","description":"Real Property Institute of Canada","publisher":{"@id":"https:\/\/rpic-ibic.ca\/#organization"},"potentialAction":[{"@type":"SearchAction","target":{"@type":"EntryPoint","urlTemplate":"https:\/\/rpic-ibic.ca\/?s={search_term_string}"},"query-input":{"@type":"PropertyValueSpecification","valueRequired":true,"valueName":"search_term_string"}}],"inLanguage":"fr-FR"},{"@type":"Organization","@id":"https:\/\/rpic-ibic.ca\/#organization","name":"RPIC-IBIC","url":"https:\/\/rpic-ibic.ca\/","logo":{"@type":"ImageObject","inLanguage":"fr-FR","@id":"https:\/\/rpic-ibic.ca\/#\/schema\/logo\/image\/","url":"https:\/\/rpic-ibic.ca\/wp-content\/uploads\/2022\/05\/logo-1.png","contentUrl":"https:\/\/rpic-ibic.ca\/wp-content\/uploads\/2022\/05\/logo-1.png","width":217,"height":92,"caption":"RPIC-IBIC"},"image":{"@id":"https:\/\/rpic-ibic.ca\/#\/schema\/logo\/image\/"},"sameAs":["https:\/\/www.facebook.com\/RPICIBIC","https:\/\/x.com\/RPIC_IBIC","https:\/\/www.linkedin.com\/company\/8937549\/"]}]}},"_links":{"self":[{"href":"https:\/\/rpic-ibic.ca\/fr\/wp-json\/wp\/v2\/pages\/1355","targetHints":{"allow":["GET"]}}],"collection":[{"href":"https:\/\/rpic-ibic.ca\/fr\/wp-json\/wp\/v2\/pages"}],"about":[{"href":"https:\/\/rpic-ibic.ca\/fr\/wp-json\/wp\/v2\/types\/page"}],"author":[{"embeddable":true,"href":"https:\/\/rpic-ibic.ca\/fr\/wp-json\/wp\/v2\/users\/1"}],"replies":[{"embeddable":true,"href":"https:\/\/rpic-ibic.ca\/fr\/wp-json\/wp\/v2\/comments?post=1355"}],"version-history":[{"count":0,"href":"https:\/\/rpic-ibic.ca\/fr\/wp-json\/wp\/v2\/pages\/1355\/revisions"}],"wp:attachment":[{"href":"https:\/\/rpic-ibic.ca\/fr\/wp-json\/wp\/v2\/media?parent=1355"}],"curies":[{"name":"wp","href":"https:\/\/api.w.org\/{rel}","templated":true}]}}