{"id":206,"date":"2021-12-21T15:04:35","date_gmt":"2021-12-21T15:04:35","guid":{"rendered":"https:\/\/rpic.wpengine.com\/qui-nous-sommes\/plan-strategique"},"modified":"2022-05-12T13:54:57","modified_gmt":"2022-05-12T13:54:57","slug":"plan-strategique","status":"publish","type":"page","link":"https:\/\/rpic-ibic.ca\/fr\/plan-strategique\/","title":{"rendered":"Plan strat\u00e9gique"},"content":{"rendered":"","protected":false},"excerpt":{"rendered":"","protected":false},"author":1,"featured_media":0,"parent":0,"menu_order":0,"comment_status":"closed","ping_status":"closed","template":"templates\/page-pattern-library.php","meta":{"_acf_changed":false,"footnotes":""},"class_list":["post-206","page","type-page","status-publish","hentry"],"acf":[],"yoast_head":"<!-- This site is optimized with the Yoast SEO plugin v26.3 - https:\/\/yoast.com\/wordpress\/plugins\/seo\/ -->\n<title>Plan strat\u00e9gique, communaut\u00e9 professionnelle | l\u2019IBIC<\/title>\n<meta name=\"description\" content=\"Le plan strat\u00e9gique 2022-2024 de l\u2019Institut des biens immobiliers du Canada met l\u2019accent sur une position de force, malgr\u00e9 les r\u00e9percussions de la pand\u00e9mie.\" \/>\n<meta name=\"robots\" content=\"index, follow, max-snippet:-1, max-image-preview:large, max-video-preview:-1\" \/>\n<link rel=\"canonical\" href=\"https:\/\/rpic-ibic.ca\/fr\/plan-strategique\/\" \/>\n<meta property=\"og:locale\" content=\"fr_FR\" \/>\n<meta property=\"og:type\" content=\"article\" \/>\n<meta property=\"og:title\" content=\"Plan strat\u00e9gique, communaut\u00e9 professionnelle | l\u2019IBIC\" \/>\n<meta property=\"og:description\" content=\"Le plan strat\u00e9gique 2022-2024 de l\u2019Institut des biens immobiliers du Canada met l\u2019accent sur une position de force, malgr\u00e9 les r\u00e9percussions de la pand\u00e9mie.\" \/>\n<meta property=\"og:url\" content=\"https:\/\/rpic-ibic.ca\/fr\/plan-strategique\/\" \/>\n<meta property=\"og:site_name\" content=\"RPIC-IBIC\" \/>\n<meta property=\"article:publisher\" content=\"https:\/\/www.facebook.com\/RPICIBIC\" \/>\n<meta property=\"article:modified_time\" content=\"2022-05-12T13:54:57+00:00\" \/>\n<meta name=\"twitter:card\" content=\"summary_large_image\" \/>\n<meta name=\"twitter:site\" content=\"@RPIC_IBIC\" \/>\n<script type=\"application\/ld+json\" class=\"yoast-schema-graph\">{\"@context\":\"https:\/\/schema.org\",\"@graph\":[{\"@type\":\"WebPage\",\"@id\":\"https:\/\/rpic-ibic.ca\/fr\/plan-strategique\/\",\"url\":\"https:\/\/rpic-ibic.ca\/fr\/plan-strategique\/\",\"name\":\"Plan strat\u00e9gique, communaut\u00e9 professionnelle | l\u2019IBIC\",\"isPartOf\":{\"@id\":\"https:\/\/rpic-ibic.ca\/#website\"},\"datePublished\":\"2021-12-21T15:04:35+00:00\",\"dateModified\":\"2022-05-12T13:54:57+00:00\",\"description\":\"Le plan strat\u00e9gique 2022-2024 de l\u2019Institut des biens immobiliers du Canada met l\u2019accent sur une position de force, malgr\u00e9 les r\u00e9percussions de la pand\u00e9mie.\",\"breadcrumb\":{\"@id\":\"https:\/\/rpic-ibic.ca\/fr\/plan-strategique\/#breadcrumb\"},\"inLanguage\":\"fr-FR\",\"potentialAction\":[{\"@type\":\"ReadAction\",\"target\":[\"https:\/\/rpic-ibic.ca\/fr\/plan-strategique\/\"]}]},{\"@type\":\"BreadcrumbList\",\"@id\":\"https:\/\/rpic-ibic.ca\/fr\/plan-strategique\/#breadcrumb\",\"itemListElement\":[{\"@type\":\"ListItem\",\"position\":1,\"name\":\"Home\",\"item\":\"https:\/\/rpic-ibic.ca\/fr\/\"},{\"@type\":\"ListItem\",\"position\":2,\"name\":\"Plan strat\u00e9gique\"}]},{\"@type\":\"WebSite\",\"@id\":\"https:\/\/rpic-ibic.ca\/#website\",\"url\":\"https:\/\/rpic-ibic.ca\/\",\"name\":\"RPIC-IBIC\",\"description\":\"Real Property Institute of Canada\",\"publisher\":{\"@id\":\"https:\/\/rpic-ibic.ca\/#organization\"},\"potentialAction\":[{\"@type\":\"SearchAction\",\"target\":{\"@type\":\"EntryPoint\",\"urlTemplate\":\"https:\/\/rpic-ibic.ca\/?s={search_term_string}\"},\"query-input\":{\"@type\":\"PropertyValueSpecification\",\"valueRequired\":true,\"valueName\":\"search_term_string\"}}],\"inLanguage\":\"fr-FR\"},{\"@type\":\"Organization\",\"@id\":\"https:\/\/rpic-ibic.ca\/#organization\",\"name\":\"RPIC-IBIC\",\"url\":\"https:\/\/rpic-ibic.ca\/\",\"logo\":{\"@type\":\"ImageObject\",\"inLanguage\":\"fr-FR\",\"@id\":\"https:\/\/rpic-ibic.ca\/#\/schema\/logo\/image\/\",\"url\":\"https:\/\/rpic-ibic.ca\/wp-content\/uploads\/2022\/05\/logo-1.png\",\"contentUrl\":\"https:\/\/rpic-ibic.ca\/wp-content\/uploads\/2022\/05\/logo-1.png\",\"width\":217,\"height\":92,\"caption\":\"RPIC-IBIC\"},\"image\":{\"@id\":\"https:\/\/rpic-ibic.ca\/#\/schema\/logo\/image\/\"},\"sameAs\":[\"https:\/\/www.facebook.com\/RPICIBIC\",\"https:\/\/x.com\/RPIC_IBIC\",\"https:\/\/www.linkedin.com\/company\/8937549\/\"]}]}<\/script>\n<!-- \/ Yoast SEO plugin. -->","yoast_head_json":{"title":"Plan strat\u00e9gique, communaut\u00e9 professionnelle | l\u2019IBIC","description":"Le plan strat\u00e9gique 2022-2024 de l\u2019Institut des biens immobiliers du Canada met l\u2019accent sur une position de force, malgr\u00e9 les r\u00e9percussions de la pand\u00e9mie.","robots":{"index":"index","follow":"follow","max-snippet":"max-snippet:-1","max-image-preview":"max-image-preview:large","max-video-preview":"max-video-preview:-1"},"canonical":"https:\/\/rpic-ibic.ca\/fr\/plan-strategique\/","og_locale":"fr_FR","og_type":"article","og_title":"Plan strat\u00e9gique, communaut\u00e9 professionnelle | l\u2019IBIC","og_description":"Le plan strat\u00e9gique 2022-2024 de l\u2019Institut des biens immobiliers du Canada met l\u2019accent sur une position de force, malgr\u00e9 les r\u00e9percussions de la pand\u00e9mie.","og_url":"https:\/\/rpic-ibic.ca\/fr\/plan-strategique\/","og_site_name":"RPIC-IBIC","article_publisher":"https:\/\/www.facebook.com\/RPICIBIC","article_modified_time":"2022-05-12T13:54:57+00:00","twitter_card":"summary_large_image","twitter_site":"@RPIC_IBIC","schema":{"@context":"https:\/\/schema.org","@graph":[{"@type":"WebPage","@id":"https:\/\/rpic-ibic.ca\/fr\/plan-strategique\/","url":"https:\/\/rpic-ibic.ca\/fr\/plan-strategique\/","name":"Plan strat\u00e9gique, communaut\u00e9 professionnelle | l\u2019IBIC","isPartOf":{"@id":"https:\/\/rpic-ibic.ca\/#website"},"datePublished":"2021-12-21T15:04:35+00:00","dateModified":"2022-05-12T13:54:57+00:00","description":"Le plan strat\u00e9gique 2022-2024 de l\u2019Institut des biens immobiliers du Canada met l\u2019accent sur une position de force, malgr\u00e9 les r\u00e9percussions de la pand\u00e9mie.","breadcrumb":{"@id":"https:\/\/rpic-ibic.ca\/fr\/plan-strategique\/#breadcrumb"},"inLanguage":"fr-FR","potentialAction":[{"@type":"ReadAction","target":["https:\/\/rpic-ibic.ca\/fr\/plan-strategique\/"]}]},{"@type":"BreadcrumbList","@id":"https:\/\/rpic-ibic.ca\/fr\/plan-strategique\/#breadcrumb","itemListElement":[{"@type":"ListItem","position":1,"name":"Home","item":"https:\/\/rpic-ibic.ca\/fr\/"},{"@type":"ListItem","position":2,"name":"Plan strat\u00e9gique"}]},{"@type":"WebSite","@id":"https:\/\/rpic-ibic.ca\/#website","url":"https:\/\/rpic-ibic.ca\/","name":"RPIC-IBIC","description":"Real Property Institute of Canada","publisher":{"@id":"https:\/\/rpic-ibic.ca\/#organization"},"potentialAction":[{"@type":"SearchAction","target":{"@type":"EntryPoint","urlTemplate":"https:\/\/rpic-ibic.ca\/?s={search_term_string}"},"query-input":{"@type":"PropertyValueSpecification","valueRequired":true,"valueName":"search_term_string"}}],"inLanguage":"fr-FR"},{"@type":"Organization","@id":"https:\/\/rpic-ibic.ca\/#organization","name":"RPIC-IBIC","url":"https:\/\/rpic-ibic.ca\/","logo":{"@type":"ImageObject","inLanguage":"fr-FR","@id":"https:\/\/rpic-ibic.ca\/#\/schema\/logo\/image\/","url":"https:\/\/rpic-ibic.ca\/wp-content\/uploads\/2022\/05\/logo-1.png","contentUrl":"https:\/\/rpic-ibic.ca\/wp-content\/uploads\/2022\/05\/logo-1.png","width":217,"height":92,"caption":"RPIC-IBIC"},"image":{"@id":"https:\/\/rpic-ibic.ca\/#\/schema\/logo\/image\/"},"sameAs":["https:\/\/www.facebook.com\/RPICIBIC","https:\/\/x.com\/RPIC_IBIC","https:\/\/www.linkedin.com\/company\/8937549\/"]}]}},"_links":{"self":[{"href":"https:\/\/rpic-ibic.ca\/fr\/wp-json\/wp\/v2\/pages\/206","targetHints":{"allow":["GET"]}}],"collection":[{"href":"https:\/\/rpic-ibic.ca\/fr\/wp-json\/wp\/v2\/pages"}],"about":[{"href":"https:\/\/rpic-ibic.ca\/fr\/wp-json\/wp\/v2\/types\/page"}],"author":[{"embeddable":true,"href":"https:\/\/rpic-ibic.ca\/fr\/wp-json\/wp\/v2\/users\/1"}],"replies":[{"embeddable":true,"href":"https:\/\/rpic-ibic.ca\/fr\/wp-json\/wp\/v2\/comments?post=206"}],"version-history":[{"count":0,"href":"https:\/\/rpic-ibic.ca\/fr\/wp-json\/wp\/v2\/pages\/206\/revisions"}],"wp:attachment":[{"href":"https:\/\/rpic-ibic.ca\/fr\/wp-json\/wp\/v2\/media?parent=206"}],"curies":[{"name":"wp","href":"https:\/\/api.w.org\/{rel}","templated":true}]}}