{"id":3574,"date":"2024-02-26T22:12:01","date_gmt":"2024-02-26T22:12:01","guid":{"rendered":"https:\/\/rpic-ibic.ca\/?page_id=3574"},"modified":"2024-02-26T22:12:01","modified_gmt":"2024-02-26T22:12:01","slug":"opportunite-dechange-avec-libic","status":"publish","type":"page","link":"https:\/\/rpic-ibic.ca\/fr\/opportunite-dechange-avec-libic\/","title":{"rendered":"Opportunit\u00e9 d&rsquo;\u00e9change avec l\u2019IBIC"},"content":{"rendered":"","protected":false},"excerpt":{"rendered":"","protected":false},"author":4,"featured_media":0,"parent":0,"menu_order":0,"comment_status":"closed","ping_status":"closed","template":"templates\/page-pattern-library.php","meta":{"_acf_changed":false,"footnotes":""},"class_list":["post-3574","page","type-page","status-publish","hentry"],"acf":[],"yoast_head":"<!-- This site is optimized with the Yoast SEO plugin v26.3 - https:\/\/yoast.com\/wordpress\/plugins\/seo\/ -->\n<title>Opportunit\u00e9s d&#039;\u00e9change | Institut des biens immobiliers du Canada<\/title>\n<meta name=\"description\" content=\"Les possibilit\u00e9s de placement en \u00e9change offertes par l&#039;IBIC sont un excellent moyen pour l&#039;IBIC d&#039;apporter son expertise et ses contributions directement \u00e0 partir de la main d&#039;\u0153uvre du secteur des biens immobiliers afin de fa\u00e7onner le futur d\u00e9veloppement professionnel de la communaut\u00e9 des biens immobiliers.\" \/>\n<meta name=\"robots\" content=\"index, follow, max-snippet:-1, max-image-preview:large, max-video-preview:-1\" \/>\n<link rel=\"canonical\" href=\"https:\/\/rpic-ibic.ca\/fr\/opportunite-dechange-avec-libic\/\" \/>\n<meta property=\"og:locale\" content=\"fr_FR\" \/>\n<meta property=\"og:type\" content=\"article\" \/>\n<meta property=\"og:title\" content=\"Opportunit\u00e9s d&#039;\u00e9change | Institut des biens immobiliers du Canada\" \/>\n<meta property=\"og:description\" content=\"Les possibilit\u00e9s de placement en \u00e9change offertes par l&#039;IBIC sont un excellent moyen pour l&#039;IBIC d&#039;apporter son expertise et ses contributions directement \u00e0 partir de la main d&#039;\u0153uvre du secteur des biens immobiliers afin de fa\u00e7onner le futur d\u00e9veloppement professionnel de la communaut\u00e9 des biens immobiliers.\" \/>\n<meta property=\"og:url\" content=\"https:\/\/rpic-ibic.ca\/fr\/opportunite-dechange-avec-libic\/\" \/>\n<meta property=\"og:site_name\" content=\"RPIC-IBIC\" \/>\n<meta property=\"article:publisher\" content=\"https:\/\/www.facebook.com\/RPICIBIC\" \/>\n<meta name=\"twitter:card\" content=\"summary_large_image\" \/>\n<meta name=\"twitter:site\" content=\"@RPIC_IBIC\" \/>\n<script type=\"application\/ld+json\" class=\"yoast-schema-graph\">{\"@context\":\"https:\/\/schema.org\",\"@graph\":[{\"@type\":\"WebPage\",\"@id\":\"https:\/\/rpic-ibic.ca\/fr\/opportunite-dechange-avec-libic\/\",\"url\":\"https:\/\/rpic-ibic.ca\/fr\/opportunite-dechange-avec-libic\/\",\"name\":\"Opportunit\u00e9s d'\u00e9change | Institut des biens immobiliers du Canada\",\"isPartOf\":{\"@id\":\"https:\/\/rpic-ibic.ca\/#website\"},\"datePublished\":\"2024-02-26T22:12:01+00:00\",\"description\":\"Les possibilit\u00e9s de placement en \u00e9change offertes par l'IBIC sont un excellent moyen pour l'IBIC d'apporter son expertise et ses contributions directement \u00e0 partir de la main d'\u0153uvre du secteur des biens immobiliers afin de fa\u00e7onner le futur d\u00e9veloppement professionnel de la communaut\u00e9 des biens immobiliers.\",\"breadcrumb\":{\"@id\":\"https:\/\/rpic-ibic.ca\/fr\/opportunite-dechange-avec-libic\/#breadcrumb\"},\"inLanguage\":\"fr-FR\",\"potentialAction\":[{\"@type\":\"ReadAction\",\"target\":[\"https:\/\/rpic-ibic.ca\/fr\/opportunite-dechange-avec-libic\/\"]}]},{\"@type\":\"BreadcrumbList\",\"@id\":\"https:\/\/rpic-ibic.ca\/fr\/opportunite-dechange-avec-libic\/#breadcrumb\",\"itemListElement\":[{\"@type\":\"ListItem\",\"position\":1,\"name\":\"Home\",\"item\":\"https:\/\/rpic-ibic.ca\/fr\/\"},{\"@type\":\"ListItem\",\"position\":2,\"name\":\"Opportunit\u00e9 d&#8217;\u00e9change avec l\u2019IBIC\"}]},{\"@type\":\"WebSite\",\"@id\":\"https:\/\/rpic-ibic.ca\/#website\",\"url\":\"https:\/\/rpic-ibic.ca\/\",\"name\":\"RPIC-IBIC\",\"description\":\"Real Property Institute of Canada\",\"publisher\":{\"@id\":\"https:\/\/rpic-ibic.ca\/#organization\"},\"potentialAction\":[{\"@type\":\"SearchAction\",\"target\":{\"@type\":\"EntryPoint\",\"urlTemplate\":\"https:\/\/rpic-ibic.ca\/?s={search_term_string}\"},\"query-input\":{\"@type\":\"PropertyValueSpecification\",\"valueRequired\":true,\"valueName\":\"search_term_string\"}}],\"inLanguage\":\"fr-FR\"},{\"@type\":\"Organization\",\"@id\":\"https:\/\/rpic-ibic.ca\/#organization\",\"name\":\"RPIC-IBIC\",\"url\":\"https:\/\/rpic-ibic.ca\/\",\"logo\":{\"@type\":\"ImageObject\",\"inLanguage\":\"fr-FR\",\"@id\":\"https:\/\/rpic-ibic.ca\/#\/schema\/logo\/image\/\",\"url\":\"https:\/\/rpic-ibic.ca\/wp-content\/uploads\/2022\/05\/logo-1.png\",\"contentUrl\":\"https:\/\/rpic-ibic.ca\/wp-content\/uploads\/2022\/05\/logo-1.png\",\"width\":217,\"height\":92,\"caption\":\"RPIC-IBIC\"},\"image\":{\"@id\":\"https:\/\/rpic-ibic.ca\/#\/schema\/logo\/image\/\"},\"sameAs\":[\"https:\/\/www.facebook.com\/RPICIBIC\",\"https:\/\/x.com\/RPIC_IBIC\",\"https:\/\/www.linkedin.com\/company\/8937549\/\"]}]}<\/script>\n<!-- \/ Yoast SEO plugin. -->","yoast_head_json":{"title":"Opportunit\u00e9s d'\u00e9change | Institut des biens immobiliers du Canada","description":"Les possibilit\u00e9s de placement en \u00e9change offertes par l'IBIC sont un excellent moyen pour l'IBIC d'apporter son expertise et ses contributions directement \u00e0 partir de la main d'\u0153uvre du secteur des biens immobiliers afin de fa\u00e7onner le futur d\u00e9veloppement professionnel de la communaut\u00e9 des biens immobiliers.","robots":{"index":"index","follow":"follow","max-snippet":"max-snippet:-1","max-image-preview":"max-image-preview:large","max-video-preview":"max-video-preview:-1"},"canonical":"https:\/\/rpic-ibic.ca\/fr\/opportunite-dechange-avec-libic\/","og_locale":"fr_FR","og_type":"article","og_title":"Opportunit\u00e9s d'\u00e9change | Institut des biens immobiliers du Canada","og_description":"Les possibilit\u00e9s de placement en \u00e9change offertes par l'IBIC sont un excellent moyen pour l'IBIC d'apporter son expertise et ses contributions directement \u00e0 partir de la main d'\u0153uvre du secteur des biens immobiliers afin de fa\u00e7onner le futur d\u00e9veloppement professionnel de la communaut\u00e9 des biens immobiliers.","og_url":"https:\/\/rpic-ibic.ca\/fr\/opportunite-dechange-avec-libic\/","og_site_name":"RPIC-IBIC","article_publisher":"https:\/\/www.facebook.com\/RPICIBIC","twitter_card":"summary_large_image","twitter_site":"@RPIC_IBIC","schema":{"@context":"https:\/\/schema.org","@graph":[{"@type":"WebPage","@id":"https:\/\/rpic-ibic.ca\/fr\/opportunite-dechange-avec-libic\/","url":"https:\/\/rpic-ibic.ca\/fr\/opportunite-dechange-avec-libic\/","name":"Opportunit\u00e9s d'\u00e9change | Institut des biens immobiliers du Canada","isPartOf":{"@id":"https:\/\/rpic-ibic.ca\/#website"},"datePublished":"2024-02-26T22:12:01+00:00","description":"Les possibilit\u00e9s de placement en \u00e9change offertes par l'IBIC sont un excellent moyen pour l'IBIC d'apporter son expertise et ses contributions directement \u00e0 partir de la main d'\u0153uvre du secteur des biens immobiliers afin de fa\u00e7onner le futur d\u00e9veloppement professionnel de la communaut\u00e9 des biens immobiliers.","breadcrumb":{"@id":"https:\/\/rpic-ibic.ca\/fr\/opportunite-dechange-avec-libic\/#breadcrumb"},"inLanguage":"fr-FR","potentialAction":[{"@type":"ReadAction","target":["https:\/\/rpic-ibic.ca\/fr\/opportunite-dechange-avec-libic\/"]}]},{"@type":"BreadcrumbList","@id":"https:\/\/rpic-ibic.ca\/fr\/opportunite-dechange-avec-libic\/#breadcrumb","itemListElement":[{"@type":"ListItem","position":1,"name":"Home","item":"https:\/\/rpic-ibic.ca\/fr\/"},{"@type":"ListItem","position":2,"name":"Opportunit\u00e9 d&#8217;\u00e9change avec l\u2019IBIC"}]},{"@type":"WebSite","@id":"https:\/\/rpic-ibic.ca\/#website","url":"https:\/\/rpic-ibic.ca\/","name":"RPIC-IBIC","description":"Real Property Institute of Canada","publisher":{"@id":"https:\/\/rpic-ibic.ca\/#organization"},"potentialAction":[{"@type":"SearchAction","target":{"@type":"EntryPoint","urlTemplate":"https:\/\/rpic-ibic.ca\/?s={search_term_string}"},"query-input":{"@type":"PropertyValueSpecification","valueRequired":true,"valueName":"search_term_string"}}],"inLanguage":"fr-FR"},{"@type":"Organization","@id":"https:\/\/rpic-ibic.ca\/#organization","name":"RPIC-IBIC","url":"https:\/\/rpic-ibic.ca\/","logo":{"@type":"ImageObject","inLanguage":"fr-FR","@id":"https:\/\/rpic-ibic.ca\/#\/schema\/logo\/image\/","url":"https:\/\/rpic-ibic.ca\/wp-content\/uploads\/2022\/05\/logo-1.png","contentUrl":"https:\/\/rpic-ibic.ca\/wp-content\/uploads\/2022\/05\/logo-1.png","width":217,"height":92,"caption":"RPIC-IBIC"},"image":{"@id":"https:\/\/rpic-ibic.ca\/#\/schema\/logo\/image\/"},"sameAs":["https:\/\/www.facebook.com\/RPICIBIC","https:\/\/x.com\/RPIC_IBIC","https:\/\/www.linkedin.com\/company\/8937549\/"]}]}},"_links":{"self":[{"href":"https:\/\/rpic-ibic.ca\/fr\/wp-json\/wp\/v2\/pages\/3574","targetHints":{"allow":["GET"]}}],"collection":[{"href":"https:\/\/rpic-ibic.ca\/fr\/wp-json\/wp\/v2\/pages"}],"about":[{"href":"https:\/\/rpic-ibic.ca\/fr\/wp-json\/wp\/v2\/types\/page"}],"author":[{"embeddable":true,"href":"https:\/\/rpic-ibic.ca\/fr\/wp-json\/wp\/v2\/users\/4"}],"replies":[{"embeddable":true,"href":"https:\/\/rpic-ibic.ca\/fr\/wp-json\/wp\/v2\/comments?post=3574"}],"version-history":[{"count":0,"href":"https:\/\/rpic-ibic.ca\/fr\/wp-json\/wp\/v2\/pages\/3574\/revisions"}],"wp:attachment":[{"href":"https:\/\/rpic-ibic.ca\/fr\/wp-json\/wp\/v2\/media?parent=3574"}],"curies":[{"name":"wp","href":"https:\/\/api.w.org\/{rel}","templated":true}]}}