{"id":3747,"date":"2024-07-24T15:14:48","date_gmt":"2024-07-24T15:14:48","guid":{"rendered":"https:\/\/rpic-ibic.ca\/?page_id=3747"},"modified":"2025-12-18T15:39:25","modified_gmt":"2025-12-18T15:39:25","slug":"champions-sous-ministre-adjoint","status":"publish","type":"page","link":"https:\/\/rpic-ibic.ca\/fr\/champions-sous-ministre-adjoint\/","title":{"rendered":"Champions SMA"},"content":{"rendered":"","protected":false},"excerpt":{"rendered":"","protected":false},"author":4,"featured_media":0,"parent":0,"menu_order":0,"comment_status":"closed","ping_status":"closed","template":"templates\/page-pattern-library.php","meta":{"_acf_changed":false,"footnotes":""},"class_list":["post-3747","page","type-page","status-publish","hentry"],"acf":[],"yoast_head":"<!-- This site is optimized with the Yoast SEO plugin v26.3 - https:\/\/yoast.com\/wordpress\/plugins\/seo\/ -->\n<title>Champions SMA - RPIC-IBIC<\/title>\n<meta name=\"description\" content=\"En savoir plus sur les champions sous-ministres adjoints (SMA) de l&#039;IBIC depuis 2008. Les Champions SMA de l&#039;Institut des biens immobiliers du Canada (IBIC) fait progresser l\u2019excellence en mati\u00e8re de gestion des biens immobiliers des sujets d&#039;actualit\u00e9 qui int\u00e9ressent la communaut\u00e9 des biens immobiliers.\" \/>\n<meta name=\"robots\" content=\"index, follow, max-snippet:-1, max-image-preview:large, max-video-preview:-1\" \/>\n<link rel=\"canonical\" href=\"https:\/\/rpic-ibic.ca\/fr\/champions-sous-ministre-adjoint\/\" \/>\n<meta property=\"og:locale\" content=\"fr_FR\" \/>\n<meta property=\"og:type\" content=\"article\" \/>\n<meta property=\"og:title\" content=\"Champions SMA - RPIC-IBIC\" \/>\n<meta property=\"og:description\" content=\"En savoir plus sur les champions sous-ministres adjoints (SMA) de l&#039;IBIC depuis 2008. Les Champions SMA de l&#039;Institut des biens immobiliers du Canada (IBIC) fait progresser l\u2019excellence en mati\u00e8re de gestion des biens immobiliers des sujets d&#039;actualit\u00e9 qui int\u00e9ressent la communaut\u00e9 des biens immobiliers.\" \/>\n<meta property=\"og:url\" content=\"https:\/\/rpic-ibic.ca\/fr\/champions-sous-ministre-adjoint\/\" \/>\n<meta property=\"og:site_name\" content=\"RPIC-IBIC\" \/>\n<meta property=\"article:publisher\" content=\"https:\/\/www.facebook.com\/RPICIBIC\" \/>\n<meta property=\"article:modified_time\" content=\"2025-12-18T15:39:25+00:00\" \/>\n<meta name=\"twitter:card\" content=\"summary_large_image\" \/>\n<meta name=\"twitter:site\" content=\"@RPIC_IBIC\" \/>\n<script type=\"application\/ld+json\" class=\"yoast-schema-graph\">{\"@context\":\"https:\/\/schema.org\",\"@graph\":[{\"@type\":\"WebPage\",\"@id\":\"https:\/\/rpic-ibic.ca\/fr\/champions-sous-ministre-adjoint\/\",\"url\":\"https:\/\/rpic-ibic.ca\/fr\/champions-sous-ministre-adjoint\/\",\"name\":\"Champions SMA - RPIC-IBIC\",\"isPartOf\":{\"@id\":\"https:\/\/rpic-ibic.ca\/#website\"},\"datePublished\":\"2024-07-24T15:14:48+00:00\",\"dateModified\":\"2025-12-18T15:39:25+00:00\",\"description\":\"En savoir plus sur les champions sous-ministres adjoints (SMA) de l'IBIC depuis 2008. Les Champions SMA de l'Institut des biens immobiliers du Canada (IBIC) fait progresser l\u2019excellence en mati\u00e8re de gestion des biens immobiliers des sujets d'actualit\u00e9 qui int\u00e9ressent la communaut\u00e9 des biens immobiliers.\",\"breadcrumb\":{\"@id\":\"https:\/\/rpic-ibic.ca\/fr\/champions-sous-ministre-adjoint\/#breadcrumb\"},\"inLanguage\":\"fr-FR\",\"potentialAction\":[{\"@type\":\"ReadAction\",\"target\":[\"https:\/\/rpic-ibic.ca\/fr\/champions-sous-ministre-adjoint\/\"]}]},{\"@type\":\"BreadcrumbList\",\"@id\":\"https:\/\/rpic-ibic.ca\/fr\/champions-sous-ministre-adjoint\/#breadcrumb\",\"itemListElement\":[{\"@type\":\"ListItem\",\"position\":1,\"name\":\"Home\",\"item\":\"https:\/\/rpic-ibic.ca\/fr\/\"},{\"@type\":\"ListItem\",\"position\":2,\"name\":\"Champions SMA\"}]},{\"@type\":\"WebSite\",\"@id\":\"https:\/\/rpic-ibic.ca\/#website\",\"url\":\"https:\/\/rpic-ibic.ca\/\",\"name\":\"RPIC-IBIC\",\"description\":\"Real Property Institute of Canada\",\"publisher\":{\"@id\":\"https:\/\/rpic-ibic.ca\/#organization\"},\"potentialAction\":[{\"@type\":\"SearchAction\",\"target\":{\"@type\":\"EntryPoint\",\"urlTemplate\":\"https:\/\/rpic-ibic.ca\/?s={search_term_string}\"},\"query-input\":{\"@type\":\"PropertyValueSpecification\",\"valueRequired\":true,\"valueName\":\"search_term_string\"}}],\"inLanguage\":\"fr-FR\"},{\"@type\":\"Organization\",\"@id\":\"https:\/\/rpic-ibic.ca\/#organization\",\"name\":\"RPIC-IBIC\",\"url\":\"https:\/\/rpic-ibic.ca\/\",\"logo\":{\"@type\":\"ImageObject\",\"inLanguage\":\"fr-FR\",\"@id\":\"https:\/\/rpic-ibic.ca\/#\/schema\/logo\/image\/\",\"url\":\"https:\/\/rpic-ibic.ca\/wp-content\/uploads\/2022\/05\/logo-1.png\",\"contentUrl\":\"https:\/\/rpic-ibic.ca\/wp-content\/uploads\/2022\/05\/logo-1.png\",\"width\":217,\"height\":92,\"caption\":\"RPIC-IBIC\"},\"image\":{\"@id\":\"https:\/\/rpic-ibic.ca\/#\/schema\/logo\/image\/\"},\"sameAs\":[\"https:\/\/www.facebook.com\/RPICIBIC\",\"https:\/\/x.com\/RPIC_IBIC\",\"https:\/\/www.linkedin.com\/company\/8937549\/\"]}]}<\/script>\n<!-- \/ Yoast SEO plugin. -->","yoast_head_json":{"title":"Champions SMA - RPIC-IBIC","description":"En savoir plus sur les champions sous-ministres adjoints (SMA) de l'IBIC depuis 2008. Les Champions SMA de l'Institut des biens immobiliers du Canada (IBIC) fait progresser l\u2019excellence en mati\u00e8re de gestion des biens immobiliers des sujets d'actualit\u00e9 qui int\u00e9ressent la communaut\u00e9 des biens immobiliers.","robots":{"index":"index","follow":"follow","max-snippet":"max-snippet:-1","max-image-preview":"max-image-preview:large","max-video-preview":"max-video-preview:-1"},"canonical":"https:\/\/rpic-ibic.ca\/fr\/champions-sous-ministre-adjoint\/","og_locale":"fr_FR","og_type":"article","og_title":"Champions SMA - RPIC-IBIC","og_description":"En savoir plus sur les champions sous-ministres adjoints (SMA) de l'IBIC depuis 2008. Les Champions SMA de l'Institut des biens immobiliers du Canada (IBIC) fait progresser l\u2019excellence en mati\u00e8re de gestion des biens immobiliers des sujets d'actualit\u00e9 qui int\u00e9ressent la communaut\u00e9 des biens immobiliers.","og_url":"https:\/\/rpic-ibic.ca\/fr\/champions-sous-ministre-adjoint\/","og_site_name":"RPIC-IBIC","article_publisher":"https:\/\/www.facebook.com\/RPICIBIC","article_modified_time":"2025-12-18T15:39:25+00:00","twitter_card":"summary_large_image","twitter_site":"@RPIC_IBIC","schema":{"@context":"https:\/\/schema.org","@graph":[{"@type":"WebPage","@id":"https:\/\/rpic-ibic.ca\/fr\/champions-sous-ministre-adjoint\/","url":"https:\/\/rpic-ibic.ca\/fr\/champions-sous-ministre-adjoint\/","name":"Champions SMA - RPIC-IBIC","isPartOf":{"@id":"https:\/\/rpic-ibic.ca\/#website"},"datePublished":"2024-07-24T15:14:48+00:00","dateModified":"2025-12-18T15:39:25+00:00","description":"En savoir plus sur les champions sous-ministres adjoints (SMA) de l'IBIC depuis 2008. Les Champions SMA de l'Institut des biens immobiliers du Canada (IBIC) fait progresser l\u2019excellence en mati\u00e8re de gestion des biens immobiliers des sujets d'actualit\u00e9 qui int\u00e9ressent la communaut\u00e9 des biens immobiliers.","breadcrumb":{"@id":"https:\/\/rpic-ibic.ca\/fr\/champions-sous-ministre-adjoint\/#breadcrumb"},"inLanguage":"fr-FR","potentialAction":[{"@type":"ReadAction","target":["https:\/\/rpic-ibic.ca\/fr\/champions-sous-ministre-adjoint\/"]}]},{"@type":"BreadcrumbList","@id":"https:\/\/rpic-ibic.ca\/fr\/champions-sous-ministre-adjoint\/#breadcrumb","itemListElement":[{"@type":"ListItem","position":1,"name":"Home","item":"https:\/\/rpic-ibic.ca\/fr\/"},{"@type":"ListItem","position":2,"name":"Champions SMA"}]},{"@type":"WebSite","@id":"https:\/\/rpic-ibic.ca\/#website","url":"https:\/\/rpic-ibic.ca\/","name":"RPIC-IBIC","description":"Real Property Institute of Canada","publisher":{"@id":"https:\/\/rpic-ibic.ca\/#organization"},"potentialAction":[{"@type":"SearchAction","target":{"@type":"EntryPoint","urlTemplate":"https:\/\/rpic-ibic.ca\/?s={search_term_string}"},"query-input":{"@type":"PropertyValueSpecification","valueRequired":true,"valueName":"search_term_string"}}],"inLanguage":"fr-FR"},{"@type":"Organization","@id":"https:\/\/rpic-ibic.ca\/#organization","name":"RPIC-IBIC","url":"https:\/\/rpic-ibic.ca\/","logo":{"@type":"ImageObject","inLanguage":"fr-FR","@id":"https:\/\/rpic-ibic.ca\/#\/schema\/logo\/image\/","url":"https:\/\/rpic-ibic.ca\/wp-content\/uploads\/2022\/05\/logo-1.png","contentUrl":"https:\/\/rpic-ibic.ca\/wp-content\/uploads\/2022\/05\/logo-1.png","width":217,"height":92,"caption":"RPIC-IBIC"},"image":{"@id":"https:\/\/rpic-ibic.ca\/#\/schema\/logo\/image\/"},"sameAs":["https:\/\/www.facebook.com\/RPICIBIC","https:\/\/x.com\/RPIC_IBIC","https:\/\/www.linkedin.com\/company\/8937549\/"]}]}},"_links":{"self":[{"href":"https:\/\/rpic-ibic.ca\/fr\/wp-json\/wp\/v2\/pages\/3747","targetHints":{"allow":["GET"]}}],"collection":[{"href":"https:\/\/rpic-ibic.ca\/fr\/wp-json\/wp\/v2\/pages"}],"about":[{"href":"https:\/\/rpic-ibic.ca\/fr\/wp-json\/wp\/v2\/types\/page"}],"author":[{"embeddable":true,"href":"https:\/\/rpic-ibic.ca\/fr\/wp-json\/wp\/v2\/users\/4"}],"replies":[{"embeddable":true,"href":"https:\/\/rpic-ibic.ca\/fr\/wp-json\/wp\/v2\/comments?post=3747"}],"version-history":[{"count":0,"href":"https:\/\/rpic-ibic.ca\/fr\/wp-json\/wp\/v2\/pages\/3747\/revisions"}],"wp:attachment":[{"href":"https:\/\/rpic-ibic.ca\/fr\/wp-json\/wp\/v2\/media?parent=3747"}],"curies":[{"name":"wp","href":"https:\/\/api.w.org\/{rel}","templated":true}]}}